{"id":21,"date":"2012-05-30T20:26:24","date_gmt":"2012-05-30T19:26:24","guid":{"rendered":"http:\/\/www.ruhe-punkt.com\/?page_id=21"},"modified":"2025-12-30T15:22:02","modified_gmt":"2025-12-30T14:22:02","slug":"massage","status":"publish","type":"page","link":"https:\/\/www.ruhe-punkt.com\/?page_id=21","title":{"rendered":"Massage"},"content":{"rendered":"<h1>Massage<\/h1>\n<p>Mit meinen Massagen m\u00f6chte ich ber\u00fchren \u2013 innerlich und \u00e4u\u00dferlich, k\u00f6rperlich und seelisch. In der Zeit der Massage haben Sie meine uneingeschr\u00e4nkte Aufmerksamkeit.<\/p>\n<p>Es gibt f\u00fcr Sie gar nichts zu tun, Sie d\u00fcrfen einfach loslassen und sich nur sich selbst zuwenden, ohne Ablenkung von Au\u00dfen. Vorzugsweise findet die Massage deshalb auch in Ruhe und ohne Worte statt. Durch die verschiedenen Techniken werden muskul\u00e4re und energetische Blockaden gel\u00f6st.<\/p>\n<p><a href=\"https:\/\/www.ruhe-punkt.com\/wp-content\/uploads\/2012\/10\/massage.jpg\"><img loading=\"lazy\" decoding=\"async\" class=\"size-full wp-image-167 aligncenter\" title=\"massage\" src=\"https:\/\/www.ruhe-punkt.com\/wp-content\/uploads\/2012\/10\/massage.jpg\" alt=\"\" width=\"300\" height=\"200\" srcset=\"https:\/\/www.ruhe-punkt.com\/wp-content\/uploads\/2012\/10\/massage.jpg 300w, https:\/\/www.ruhe-punkt.com\/wp-content\/uploads\/2012\/10\/massage-150x100.jpg 150w\" sizes=\"auto, (max-width: 300px) 100vw, 300px\" \/><\/a><\/p>\n<p>Mit unterschiedlichen Bewegungen werden K\u00f6rper und Geist in einen Ruhezustand versetzt. F\u00fcr die Massagen werden ausschlie\u00dflich hochwertige Massage\u00f6le der Firma Primavera benutzt. Ein W\u00e4rmekissen rundet die Massage ab und garantiert vollkommene Entspannung.<\/p>\n<p>F\u00fcr die 30min\u00fctige Massage berechne ich 40\u20ac f\u00fcr die 40min\u00fctige Massage 50\u20ac. Gern biete ich Ihnen vorab ein Fu\u00dfbad an, das erh\u00f6ht den Entspannungswert und ich berechne daf\u00fcr 5\u20ac zus\u00e4tzlich.<\/p>\n<p><em>F\u00fcr Terminvereinbarungen und weitere Informationen erreichen Sie mich pers\u00f6nlich unter (05 11) 89 85 09 67.<\/em><\/p>\n","protected":false},"excerpt":{"rendered":"<p>Massage Mit meinen Massagen m\u00f6chte ich ber\u00fchren \u2013 innerlich und \u00e4u\u00dferlich, k\u00f6rperlich und seelisch. In der Zeit der Massage haben Sie meine uneingeschr\u00e4nkte Aufmerksamkeit. Es gibt f\u00fcr Sie gar nichts zu tun, Sie d\u00fcrfen einfach loslassen und sich nur sich selbst zuwenden, ohne Ablenkung von Au\u00dfen. Vorzugsweise findet die Massage deshalb auch in Ruhe und &hellip; <\/p>\n<p class=\"link-more\"><a href=\"https:\/\/www.ruhe-punkt.com\/?page_id=21\" class=\"more-link\"><span class=\"screen-reader-text\">\u201eMassage\u201c<\/span> weiterlesen<\/a><\/p>\n","protected":false},"author":1,"featured_media":0,"parent":0,"menu_order":0,"comment_status":"closed","ping_status":"open","template":"","meta":{"footnotes":""},"class_list":["post-21","page","type-page","status-publish","hentry"],"_links":{"self":[{"href":"https:\/\/www.ruhe-punkt.com\/index.php?rest_route=\/wp\/v2\/pages\/21","targetHints":{"allow":["GET"]}}],"collection":[{"href":"https:\/\/www.ruhe-punkt.com\/index.php?rest_route=\/wp\/v2\/pages"}],"about":[{"href":"https:\/\/www.ruhe-punkt.com\/index.php?rest_route=\/wp\/v2\/types\/page"}],"author":[{"embeddable":true,"href":"https:\/\/www.ruhe-punkt.com\/index.php?rest_route=\/wp\/v2\/users\/1"}],"replies":[{"embeddable":true,"href":"https:\/\/www.ruhe-punkt.com\/index.php?rest_route=%2Fwp%2Fv2%2Fcomments&post=21"}],"version-history":[{"count":24,"href":"https:\/\/www.ruhe-punkt.com\/index.php?rest_route=\/wp\/v2\/pages\/21\/revisions"}],"predecessor-version":[{"id":3572,"href":"https:\/\/www.ruhe-punkt.com\/index.php?rest_route=\/wp\/v2\/pages\/21\/revisions\/3572"}],"wp:attachment":[{"href":"https:\/\/www.ruhe-punkt.com\/index.php?rest_route=%2Fwp%2Fv2%2Fmedia&parent=21"}],"curies":[{"name":"wp","href":"https:\/\/api.w.org\/{rel}","templated":true}]}}