{"id":218,"date":"2013-05-12T11:46:09","date_gmt":"2013-05-12T10:46:09","guid":{"rendered":"http:\/\/www.ruhe-punkt.com\/?page_id=218"},"modified":"2025-12-30T15:18:37","modified_gmt":"2025-12-30T14:18:37","slug":"aktuelles-yogaangebot","status":"publish","type":"page","link":"https:\/\/www.ruhe-punkt.com\/?page_id=218","title":{"rendered":"Aktuelles Yoga-Angebot"},"content":{"rendered":"<figure id=\"attachment_2301\" aria-describedby=\"caption-attachment-2301\" style=\"width: 300px\" class=\"wp-caption alignnone\"><a href=\"https:\/\/www.ruhe-punkt.com\/wp-content\/uploads\/2021\/02\/Tun_Sonja-35-scaled.jpg\"><img loading=\"lazy\" decoding=\"async\" class=\"size-medium wp-image-2301\" src=\"https:\/\/www.ruhe-punkt.com\/wp-content\/uploads\/2021\/02\/Tun_Sonja-35-300x207.jpg\" alt=\"\" width=\"300\" height=\"207\" srcset=\"https:\/\/www.ruhe-punkt.com\/wp-content\/uploads\/2021\/02\/Tun_Sonja-35-300x207.jpg 300w, https:\/\/www.ruhe-punkt.com\/wp-content\/uploads\/2021\/02\/Tun_Sonja-35-1024x707.jpg 1024w, https:\/\/www.ruhe-punkt.com\/wp-content\/uploads\/2021\/02\/Tun_Sonja-35-768x530.jpg 768w, https:\/\/www.ruhe-punkt.com\/wp-content\/uploads\/2021\/02\/Tun_Sonja-35-1536x1060.jpg 1536w, https:\/\/www.ruhe-punkt.com\/wp-content\/uploads\/2021\/02\/Tun_Sonja-35-2048x1414.jpg 2048w\" sizes=\"auto, (max-width: 300px) 100vw, 300px\" \/><\/a><figcaption id=\"caption-attachment-2301\" class=\"wp-caption-text\">(c) Frank Tunnat<\/figcaption><\/figure>\n<h1><strong>Yogaworkshop im Fr\u00fchjahr 2026<br \/><\/strong><\/h1>\n<div data-canvas-width=\"526.8293333333332\">\n<p><strong>14. &#8211; 15. Februar 2026 &#8211; Samstag 9:00Uhr &#8211; Sonntag, ca. 14:00Uhr<\/strong><\/p>\n<p>Kosten<em>:<\/em>\u00a0 190 \u20ac p. P. zzgl \u00dcbernachtung\/Sauna, Massage wenn gew\u00fcnscht.<\/p>\n<p>Ort: Sporthof Sch\u00f6ne Aussicht Lindwedel, Wedemark <a href=\"https:\/\/www.schoene-aussicht-lindwedel.de\/\">www.schoene-aussicht-lindwedel.de<\/a>, Anreise Freitag m\u00f6glich.<\/p>\n<\/div>\n<p>Thema: <strong>Wird noch bekannt gegeben.<\/strong><\/p>\n<p><span style=\"font-size: 1rem;\">Sichere Dir schnell einen Platz und melde Dich an unter email: info@Ruhe-Punkt.com oder 0170.5700432. Fragen? Gern.<\/span><\/p>\n<div data-canvas-width=\"526.8293333333332\">\n<div data-canvas-width=\"526.8293333333332\">\u00a0<\/div>\n<\/div>\n<div data-canvas-width=\"526.8293333333332\">\u00a0<\/div>\n<div data-canvas-width=\"526.8293333333332\">\n<h2 data-canvas-width=\"526.8293333333332\"><strong>Aktuelles Yoga-Angebot<\/strong><\/h2>\n<\/div>\n<p>Danke f\u00fcr Dein Interesse am YOGA!<\/p>\n<p><strong>Es gibt endlich wieder einen Yogakurs mit mir im Zeitraum, Jakobistra\u00dfe 3.<\/strong><strong><br \/><\/strong><\/p>\n<p>Es wird ein klassischer achtsamer Hatha Yogakurs mit Schwerpunkt auf Haltung, Ausrichtung, Aufrichtung, Beweglichkeit und Bewu\u00dfheit sein, wobei nat\u00fcrlich ein Fokus auf Atmung, Kraft und Freude gelegt wird.<\/p>\n<p>Eine sch\u00f6ne Abschlussentspannung\/Meditation rundet den Abend ab.<\/p>\n<p>Es ist sinnvoll, dass Du vorher schonmal irgendwie, irgendwo, irgendwann Yogakontakt hattest.<\/p>\n<p><strong>Der Kurs startet <\/strong><strong>Dienstag, ab 13. Januar 2026 und geht bis einschlie\u00dflich 3. M\u00e4rz 2026 (8x 75 Minuten) immer Dienstags, 19:15Uhr &#8211; 20:30Uhr im Zeitraum, Jakobistra\u00dfe 3.<\/strong><\/p>\n<p><strong>Deine Investion: <\/strong><strong>120\u20ac.<\/strong><\/p>\n<p><strong> Anmelden \u00fcber mich direkt 0170-5700432 oder info@Ruhe-Punkt.com<\/strong><\/p>\n<p>&nbsp;<\/p>\n<h2><strong>\u00dcbrigens&#8230;<\/strong><\/h2>\n<p>Ich biete neben den Gruppen auch Einzelyogastunden an. Das bietet Dir den Komfort ganz gezielt auf Deine k\u00f6rperliche Befindlichkeit einzugehen und im sicheren Raum mit mir Yoga zu praktizieren.<\/p>\n<p>Falls Du einen Termin vereinbaren m\u00f6chtest oder noch Fragen hast melde Dich gern telefonisch unter 0511-89 85 09 67 oder per email unter info@Ruhe-Punkt.com<\/p>\n<p><strong>Ich freue mich auf Dich!<\/strong><\/p>\n<p><a href=\"https:\/\/www.ruhe-punkt.com\/wp-content\/uploads\/2021\/02\/yogaraum.jpg\"><img loading=\"lazy\" decoding=\"async\" class=\"alignnone size-medium wp-image-2305\" src=\"https:\/\/www.ruhe-punkt.com\/wp-content\/uploads\/2021\/02\/yogaraum-225x300.jpg\" alt=\"\" width=\"225\" height=\"300\" srcset=\"https:\/\/www.ruhe-punkt.com\/wp-content\/uploads\/2021\/02\/yogaraum-225x300.jpg 225w, https:\/\/www.ruhe-punkt.com\/wp-content\/uploads\/2021\/02\/yogaraum-768x1024.jpg 768w, https:\/\/www.ruhe-punkt.com\/wp-content\/uploads\/2021\/02\/yogaraum.jpg 864w\" sizes=\"auto, (max-width: 225px) 100vw, 225px\" \/><\/a><\/p>\n\n\n<p><\/p>\n","protected":false},"excerpt":{"rendered":"<p>Yogaworkshop im Fr\u00fchjahr 2026 14. &#8211; 15. Februar 2026 &#8211; Samstag 9:00Uhr &#8211; Sonntag, ca. 14:00Uhr Kosten:\u00a0 190 \u20ac p. P. zzgl \u00dcbernachtung\/Sauna, Massage wenn gew\u00fcnscht. Ort: Sporthof Sch\u00f6ne Aussicht Lindwedel, Wedemark www.schoene-aussicht-lindwedel.de, Anreise Freitag m\u00f6glich. Thema: Wird noch bekannt gegeben. Sichere Dir schnell einen Platz und melde Dich an unter email: info@Ruhe-Punkt.com oder 0170.5700432. &hellip; <\/p>\n<p class=\"link-more\"><a href=\"https:\/\/www.ruhe-punkt.com\/?page_id=218\" class=\"more-link\"><span class=\"screen-reader-text\">\u201eAktuelles Yoga-Angebot\u201c<\/span> weiterlesen<\/a><\/p>\n","protected":false},"author":2,"featured_media":0,"parent":0,"menu_order":0,"comment_status":"closed","ping_status":"open","template":"","meta":{"footnotes":""},"class_list":["post-218","page","type-page","status-publish","hentry"],"_links":{"self":[{"href":"https:\/\/www.ruhe-punkt.com\/index.php?rest_route=\/wp\/v2\/pages\/218","targetHints":{"allow":["GET"]}}],"collection":[{"href":"https:\/\/www.ruhe-punkt.com\/index.php?rest_route=\/wp\/v2\/pages"}],"about":[{"href":"https:\/\/www.ruhe-punkt.com\/index.php?rest_route=\/wp\/v2\/types\/page"}],"author":[{"embeddable":true,"href":"https:\/\/www.ruhe-punkt.com\/index.php?rest_route=\/wp\/v2\/users\/2"}],"replies":[{"embeddable":true,"href":"https:\/\/www.ruhe-punkt.com\/index.php?rest_route=%2Fwp%2Fv2%2Fcomments&post=218"}],"version-history":[{"count":79,"href":"https:\/\/www.ruhe-punkt.com\/index.php?rest_route=\/wp\/v2\/pages\/218\/revisions"}],"predecessor-version":[{"id":3570,"href":"https:\/\/www.ruhe-punkt.com\/index.php?rest_route=\/wp\/v2\/pages\/218\/revisions\/3570"}],"wp:attachment":[{"href":"https:\/\/www.ruhe-punkt.com\/index.php?rest_route=%2Fwp%2Fv2%2Fmedia&parent=218"}],"curies":[{"name":"wp","href":"https:\/\/api.w.org\/{rel}","templated":true}]}}