{"id":2684,"date":"2021-07-04T19:34:36","date_gmt":"2021-07-04T18:34:36","guid":{"rendered":"http:\/\/www.ruhe-punkt.com\/?page_id=2684"},"modified":"2022-12-06T15:53:09","modified_gmt":"2022-12-06T14:53:09","slug":"blog","status":"publish","type":"page","link":"https:\/\/www.ruhe-punkt.com\/?page_id=2684","title":{"rendered":"Blog"},"content":{"rendered":"\n<h2 class=\"wp-block-heading\">Herzlich Willkommen hier auf meinem Blog <\/h2>\n\n\n\n<p>Ihr Lieben, es tut mir leid, ich bin zur Zeit sehr schluderig und habe zwar vielz\u00e4hlige Dinge erlebt, die es zu teilen gibt, aber komme zeitlich und motivationsm\u00e4ssig momentan nicht dazu sie zu ver\u00f6ffentlichen. Bitte seht mir das nach, ich bin dabei zu aktuallisieren. Insgesamt geht es mir aber pr\u00e4chtig,  also macht Euch keine Sorgen, ich hoffe Euch allen geht es auch gut.<\/p>\n\n\n\n<p>Nachdem ich in\/nach und vor den letzten Corona Lockdowns begonnen habe ein Tagebuch hier auf meiner Seite online zu f\u00fchren, bin ich immer wieder positiv darauf angesprochen worden. Und ausserdem hat es mir sehr viel Spass gemacht. Deshalb m\u00f6chte ich das in irgendeiner Form weiterf\u00fchren. Ihr k\u00f6nnt einige &#8222;alte&#8220; Tageb\u00fccher hier im Archiv auf der Seite einsehen.<\/p>\n\n\n\n<p>Nun folgt, etwas moderner und aktueller ein Blog zu verschiedenen Themen, die in meinen Leben eine Rolle spielen und euch vielleicht interessieren k\u00f6nnten. Gebt mir gern feedback und lasst mich wissen wie es Euch gef\u00e4llt. F\u00fcr jedes Feedback verschenke  ich einen kleinen Gutschein als Verg\u00fcnstigung auf die n\u00e4chste Behandlung bei mir. <\/p>\n\n\n\n<p>Ich freue mich Dinge meines Lebens auf diese Weise mit Euch zu teilen und m\u00f6chte weiterhin nicht bei facebook oder instagram erscheinen. Also folgt mir hier. Gerne und immer wieder.<\/p>\n\n\n\n<div style=\"text-align:center; margin-bottom: 20px;\">\n<div class=\"badge badge-content badge--bgcolor-orange-prime\"><div class=\"badge__inner\"><a href=\"https:\/\/www.ruhe-punkt.com\/?cat=47\"><b>At work<\/b><\/a><\/div><\/div>\n\n<div class=\"badge badge-content badge--bgcolor-green\"><div class=\"badge__inner\"><a href=\"https:\/\/www.ruhe-punkt.com\/?cat=48\"><b>On tour<\/b><\/a><\/div><\/div>\n\n<div class=\"badge badge-content badge--bgcolor-lila\"><div class=\"badge__inner\"><a href=\"https:\/\/www.ruhe-punkt.com\/?cat=49\"><b>At home<\/b><\/a><\/div><\/div>\n\n<div class=\"badge badge-content badge--bgcolor-blue\"><div class=\"badge__inner\"><a href=\"https:\/\/www.ruhe-punkt.com\/?cat=41\"><b>Selfcare <\/b><\/a><\/div><\/div>\n\n<\/div>\n\n\n\n<h3 class=\"wp-block-heading\">Die neusten Eintr\u00e4ge<\/h3>\n\n\n<ul class=\"wp-block-latest-posts__list wp-block-latest-posts\"><li><a class=\"wp-block-latest-posts__post-title\" href=\"https:\/\/www.ruhe-punkt.com\/?p=3532\">Das Jahr ist schon wieder fast um&#8230; Oh je&#8230;<\/a><\/li>\n<li><a class=\"wp-block-latest-posts__post-title\" href=\"https:\/\/www.ruhe-punkt.com\/?p=3523\">Urlaub vom 24. Juli<\/a><\/li>\n<li><a class=\"wp-block-latest-posts__post-title\" href=\"https:\/\/www.ruhe-punkt.com\/?p=3521\">Weinfest am Opernplatz am 21. Juli<\/a><\/li>\n<li><a class=\"wp-block-latest-posts__post-title\" href=\"https:\/\/www.ruhe-punkt.com\/?p=3516\">Sehfest am 17. Juli<\/a><\/li>\n<li><a class=\"wp-block-latest-posts__post-title\" href=\"https:\/\/www.ruhe-punkt.com\/?p=3514\">Kleines Fest im Gro\u00dfen Garten am 14. Juli<\/a><\/li>\n<\/ul>\n\n\n<h3 class=\"wp-block-heading\">Archiv der Lockdown-Tageb\u00fccher<\/h3>\n\n\n\n<ul class=\"wp-block-list\"><li><a href=\"https:\/\/www.ruhe-punkt.com\/?page_id=2594\">Apr\u00e8s Lockdown ab Mai 2021<\/a><\/li><li><a href=\"https:\/\/www.ruhe-punkt.com\/?page_id=2534\">Lockdown 04\/2021 bis 05\/2021<\/a><\/li><li><a href=\"https:\/\/www.ruhe-punkt.com\/?page_id=2384\">Apr\u00e8s Lockdown 03\/2021 bis 04\/2021<\/a><\/li><\/ul>\n","protected":false},"excerpt":{"rendered":"<p>Herzlich Willkommen hier auf meinem Blog Ihr Lieben, es tut mir leid, ich bin zur Zeit sehr schluderig und habe zwar vielz\u00e4hlige Dinge erlebt, die es zu teilen gibt, aber komme zeitlich und motivationsm\u00e4ssig momentan nicht dazu sie zu ver\u00f6ffentlichen. Bitte seht mir das nach, ich bin dabei zu aktuallisieren. Insgesamt geht es mir aber &hellip; <\/p>\n<p class=\"link-more\"><a href=\"https:\/\/www.ruhe-punkt.com\/?page_id=2684\" class=\"more-link\"><span class=\"screen-reader-text\">\u201eBlog\u201c<\/span> weiterlesen<\/a><\/p>\n","protected":false},"author":4,"featured_media":0,"parent":0,"menu_order":0,"comment_status":"closed","ping_status":"closed","template":"","meta":{"footnotes":""},"class_list":["post-2684","page","type-page","status-publish","hentry"],"_links":{"self":[{"href":"https:\/\/www.ruhe-punkt.com\/index.php?rest_route=\/wp\/v2\/pages\/2684","targetHints":{"allow":["GET"]}}],"collection":[{"href":"https:\/\/www.ruhe-punkt.com\/index.php?rest_route=\/wp\/v2\/pages"}],"about":[{"href":"https:\/\/www.ruhe-punkt.com\/index.php?rest_route=\/wp\/v2\/types\/page"}],"author":[{"embeddable":true,"href":"https:\/\/www.ruhe-punkt.com\/index.php?rest_route=\/wp\/v2\/users\/4"}],"replies":[{"embeddable":true,"href":"https:\/\/www.ruhe-punkt.com\/index.php?rest_route=%2Fwp%2Fv2%2Fcomments&post=2684"}],"version-history":[{"count":32,"href":"https:\/\/www.ruhe-punkt.com\/index.php?rest_route=\/wp\/v2\/pages\/2684\/revisions"}],"predecessor-version":[{"id":3401,"href":"https:\/\/www.ruhe-punkt.com\/index.php?rest_route=\/wp\/v2\/pages\/2684\/revisions\/3401"}],"wp:attachment":[{"href":"https:\/\/www.ruhe-punkt.com\/index.php?rest_route=%2Fwp%2Fv2%2Fmedia&parent=2684"}],"curies":[{"name":"wp","href":"https:\/\/api.w.org\/{rel}","templated":true}]}}