{"id":4,"date":"2012-03-24T20:27:38","date_gmt":"2012-03-24T20:27:38","guid":{"rendered":"http:\/\/www.ruhe-punkt.com\/?page_id=4"},"modified":"2025-12-30T15:32:30","modified_gmt":"2025-12-30T14:32:30","slug":"kosmetik","status":"publish","type":"page","link":"https:\/\/www.ruhe-punkt.com\/?page_id=4","title":{"rendered":"Naturkosmetik"},"content":{"rendered":"<h1>Naturkosmetik<\/h1>\n<p>Aus tiefer \u00dcberzeugung und eigener intensiver Erfahrung verwende ich in meinen Anwendungen nur Produkte von renommierten deutschen Naturkosmetikfirmen.<\/p>\n<p>Sie lernen hochwertige, zertifizierte Naturkosmetik in Bioqualit\u00e4t kennen, ohne synthetische Inhaltsstoffe, bedenkliche Zus\u00e4tze und frei von Tierversuchen.<\/p>\n<h2>Mein Angebot erf\u00fcllt folgende W\u00fcnsche:<\/h2>\n<ul>\n<li>Den eigenen Hautzustand herausfinden und unterst\u00fctzen. Was ben\u00f6tigt meine Haut momentan, um optimal zu funktionieren?<\/li>\n<li>Ausreichende Information f\u00fcr die Hautpflege nach dem Prinzip \u201eweniger ist mehr\u201c aber\u00a0\u201ewenn, dann richtig\u201c.<\/li>\n<li>Die Haut ist ein Spiegel innerer und \u00e4u\u00dferer Einfl\u00fcsse. Was m\u00f6chte mir meine Haut mitteilen?<\/li>\n<li>Wie kann ich meine Haut und meinen Gesamtausdruck mit einem nat\u00fcrlichen Make up versch\u00f6nern?<\/li>\n<li>F\u00fchlen Sie sich wieder wohl und \u201ezu Hause\u201c in Ihrer Haut. Sie kommen in Ihre nat\u00fcrliche, strahlende Balance.<\/li>\n<\/ul>\n<p>Ich biete ein entspannendes und ruhiges Ambiente f\u00fcr K\u00f6rper, Geist und Seele. Sie d\u00fcrfen loslassen, zulassen und rundum genie\u00dfen, auf ganz nat\u00fcrliche Weise.<\/p>\n<p><a href=\"https:\/\/www.ruhe-punkt.com\/wp-content\/uploads\/2012\/06\/behandlung.jpg\"><img loading=\"lazy\" decoding=\"async\" class=\"size-full wp-image-96 aligncenter\" title=\"behandlung\" src=\"https:\/\/www.ruhe-punkt.com\/wp-content\/uploads\/2012\/06\/behandlung.jpg\" alt=\"\" width=\"300\" height=\"200\" srcset=\"https:\/\/www.ruhe-punkt.com\/wp-content\/uploads\/2012\/06\/behandlung.jpg 300w, https:\/\/www.ruhe-punkt.com\/wp-content\/uploads\/2012\/06\/behandlung-150x100.jpg 150w\" sizes=\"auto, (max-width: 300px) 100vw, 300px\" \/><\/a><\/p>\n<p>Ich freue mich schon jetzt, Ihnen ein neues Hautgef\u00fchl und Hautverst\u00e4ndnis zu geben. Lernen Sie Kosmetikbehandlungen kennen, die anders sind als das, was Sie bis jetzt kennengelernt haben! Der Preis f\u00fcr eine Stunde individuelle reine Behandlungszeit betr\u00e4gt 70\u20ac und wird bei l\u00e4ngerer Behandlung hochgerechnet.<\/p>\n<p><em>F\u00fcr weitere Informationen\u00a0erreichen Sie\u00a0mich pers\u00f6nlich\u00a0unter (05 11) 89 85 09 67.<\/em><\/p>\n<p><strong>Ich biete au\u00dferdem immer individuelle Einzeltermine f\u00fcr ein Make-up zu speziellen Anl\u00e4ssen an. Nach R\u00fccksprache und Aufwand komme ich auch gern zu Dir. Schreib mir eine email an Info@Ruhe-Punkt.com oder ruf mich an unter (05 11) 89 85 09 67. Ich freue mich.<\/strong><\/p>\n<p>&#8212;&#8212;&#8212;&#8212;&#8212;&#8212;&#8212;&#8212;&#8212;&#8212;&#8212;&#8212;&#8212;&#8212;&#8212;&#8212;&#8212;&#8212;&#8212;&#8212;&#8212;&#8212;&#8212;&#8212;&#8212;&#8212;&#8212;&#8212;&#8212;&#8212;&#8212;&#8212;&#8212;&#8212;<\/p>\n<h2><span style=\"color: #ff0000;\"><strong>Make up Workshop!!!<\/strong><\/span><\/h2>\n<h1><span style=\"color: #ff0000;\"><strong>Lets show your glow &#8211; Make up Workshop &#8211; Termin f\u00fcr Fr\u00fchjahr 2026 wird bald bekannt gegeben.<br \/><\/strong><\/span><\/h1>\n<p><strong>25 \u20ac p.P. <\/strong><\/p>\n<p>Unterst\u00fctze Deine Highlights, lasse kleine Makel unsichtbar werden.<\/p>\n<p>Wir werden in einer kleiner Gruppe interessierter Frauen offen \u00fcber die verschiedenen Hautbed\u00fcrfnisse sprechen und alle erhalten ein auf ihren individuellen Typ abgestimmtes nat\u00fcrliches Mineral Make up der Firma Marie W. aufgetragen.<\/p>\n<p>Ich verrate wertvolle Tipps und Tricks f\u00fcr ein Alltagsmake-up und Du wirst \u00fcberrascht sein, was mit wenigen Handgriffen alles m\u00f6glich ist. Und zus\u00e4tzlich ist ein nat\u00fcrliches Make up immer ein Geschenk f\u00fcr Dich und Deine Haut!<\/p>\n<p>Gern gebe ich einen kleinen Einblick in die Unterschiede von konventionellem Make up und den nat\u00fcrlichen M\u00f6glichkeiten unserer Haut funkelnde, wohlverdiente Unterst\u00fctzung zu schenken. Wir werden gl\u00e4nzen, uns mit uns wohlf\u00fchlen, uns selbst und andere mit unserem Ausdruck beeindrucken und blenden.<\/p>\n<p>Wichtigster Punkt ist dabei die eigene Pers\u00f6nlichkeit zu st\u00e4rken und zu unterst\u00fctzen, das Individuelle hervorzuheben und \u00fcberfl\u00fcssiges Wegzulassen!<\/p>\n<p><strong>An diesem Tag erh\u00e4lt jeder Teilnehmer 10% auf das Marie W. Sortiment<\/strong><\/p>\n<p>Sichere Dir schnell einen Platz und melde Dich an unter email: Info@Ruhe-Punkt.com, per Nachricht \u00fcber 0170\/5700432 oder ruf mich unter (05 11) 89 85 09 67 an.<\/p>\n<p>_____________________________________________________________________________<\/p>\n<p><strong>Ich biete individuelle Einzeltermine f\u00fcr ein Make-up zu speziellen Anl\u00e4ssen an. Nach R\u00fccksprache und Aufwand komme ich auch gern zu Dir. Schreib mir eine email an Info@Ruhe-Punkt.com oder ruf mich an unter (05 11) 89 85 09 67. Ich freue mich.<br \/><\/strong><\/p>\n\n\n<p><\/p>\n","protected":false},"excerpt":{"rendered":"<p>Naturkosmetik Aus tiefer \u00dcberzeugung und eigener intensiver Erfahrung verwende ich in meinen Anwendungen nur Produkte von renommierten deutschen Naturkosmetikfirmen. Sie lernen hochwertige, zertifizierte Naturkosmetik in Bioqualit\u00e4t kennen, ohne synthetische Inhaltsstoffe, bedenkliche Zus\u00e4tze und frei von Tierversuchen. Mein Angebot erf\u00fcllt folgende W\u00fcnsche: Den eigenen Hautzustand herausfinden und unterst\u00fctzen. Was ben\u00f6tigt meine Haut momentan, um optimal zu &hellip; <\/p>\n<p class=\"link-more\"><a href=\"https:\/\/www.ruhe-punkt.com\/?page_id=4\" class=\"more-link\"><span class=\"screen-reader-text\">\u201eNaturkosmetik\u201c<\/span> weiterlesen<\/a><\/p>\n","protected":false},"author":1,"featured_media":0,"parent":0,"menu_order":0,"comment_status":"closed","ping_status":"open","template":"","meta":{"footnotes":""},"class_list":["post-4","page","type-page","status-publish","hentry"],"_links":{"self":[{"href":"https:\/\/www.ruhe-punkt.com\/index.php?rest_route=\/wp\/v2\/pages\/4","targetHints":{"allow":["GET"]}}],"collection":[{"href":"https:\/\/www.ruhe-punkt.com\/index.php?rest_route=\/wp\/v2\/pages"}],"about":[{"href":"https:\/\/www.ruhe-punkt.com\/index.php?rest_route=\/wp\/v2\/types\/page"}],"author":[{"embeddable":true,"href":"https:\/\/www.ruhe-punkt.com\/index.php?rest_route=\/wp\/v2\/users\/1"}],"replies":[{"embeddable":true,"href":"https:\/\/www.ruhe-punkt.com\/index.php?rest_route=%2Fwp%2Fv2%2Fcomments&post=4"}],"version-history":[{"count":49,"href":"https:\/\/www.ruhe-punkt.com\/index.php?rest_route=\/wp\/v2\/pages\/4\/revisions"}],"predecessor-version":[{"id":3576,"href":"https:\/\/www.ruhe-punkt.com\/index.php?rest_route=\/wp\/v2\/pages\/4\/revisions\/3576"}],"wp:attachment":[{"href":"https:\/\/www.ruhe-punkt.com\/index.php?rest_route=%2Fwp%2Fv2%2Fmedia&parent=4"}],"curies":[{"name":"wp","href":"https:\/\/api.w.org\/{rel}","templated":true}]}}