{"id":43,"date":"2012-06-02T16:36:16","date_gmt":"2012-06-02T15:36:16","guid":{"rendered":"http:\/\/www.ruhe-punkt.com\/?page_id=43"},"modified":"2026-01-27T21:31:08","modified_gmt":"2026-01-27T20:31:08","slug":"home","status":"publish","type":"page","link":"https:\/\/www.ruhe-punkt.com\/","title":{"rendered":"Herzlich Willkommen auf meiner Internetseite!"},"content":{"rendered":"\n<div class=\"badge badge--align-right-top badge--bgcolor-orange-prime badge--rotate-pos20\"><div class=\"badge__inner\"> <b>NEU<\/b><br \/> <a href=\"https:\/\/www.ruhe-punkt.com\/?page_id=218\">Yoga Wochenende<\/a><\/div><\/div>\n\n<div class=\"badge badge-small badge--align-right-top-2 badge--bgcolor-green badge--rotate-pos20\"><div class=\"badge__inner\"> <b>NEU<\/b><br \/><a href=\"https:\/\/www.ruhe-punkt.com\/?page_id=2684\" style=\"line-height:30px\">Mein Blog<\/a><\/div><\/div>\n\n\n<h1><a href=\"https:\/\/www.ruhe-punkt.com\/wp-content\/uploads\/2021\/09\/home.jpg\"><img loading=\"lazy\" decoding=\"async\" class=\"alignnone  wp-image-2913\" src=\"https:\/\/www.ruhe-punkt.com\/wp-content\/uploads\/2021\/09\/home-222x300.jpg\" alt=\"\" width=\"213\" height=\"288\" srcset=\"https:\/\/www.ruhe-punkt.com\/wp-content\/uploads\/2021\/09\/home-222x300.jpg 222w, https:\/\/www.ruhe-punkt.com\/wp-content\/uploads\/2021\/09\/home-759x1024.jpg 759w, https:\/\/www.ruhe-punkt.com\/wp-content\/uploads\/2021\/09\/home-768x1036.jpg 768w, https:\/\/www.ruhe-punkt.com\/wp-content\/uploads\/2021\/09\/home-1139x1536.jpg 1139w, https:\/\/www.ruhe-punkt.com\/wp-content\/uploads\/2021\/09\/home.jpg 1518w\" sizes=\"auto, (max-width: 213px) 100vw, 213px\" \/><\/a><\/h1>\n<p><strong>Herzlich Willkommen&#8230;<\/strong><\/p>\n<p>Ich freue mich Sie schon bald pers\u00f6nlich kennenzulernen und lade Sie ein auf meinen Seiten zu st\u00f6bern. Wenn Sie Interesse an meinen Anwendungen haben, vereinbaren Sie gerne einen Termin per email oder Telefon. Gern beantworte ich vorher auch Fragen zu meinem Angebot oder berate Sie unverbindlich.<\/p>\n<p>Wenn Sie sich krank f\u00fchlen sagen Sie bitte Ihren Termin zeitnah ab und bitte beachten Sie, dass ich, wenn Sie weniger als 24 Stunden vor dem Termin absagen, den Termin trotzdem voll berechen mu\u00df. Vielen Dank f\u00fcr Ihr Verst\u00e4ndnis.<\/p>\n<p>Bis dahin, mit besten W\u00fcnschen,<\/p>\n<p>Ihre<\/p>\n<p>Sonja Jovanoski<\/p>\n<p><strong>&#8212;&#8212;&#8212;&#8212;&#8212;&#8212;&#8212;&#8212;&#8212;&#8212;&#8212;&#8212;&#8212;&#8212;&#8212;&#8212;&#8212;&#8212;&#8212;&#8212;&#8212;&#8212;&#8212;&#8212;&#8212;&#8212;&#8212;&#8212;&#8212;&#8212;&#8212;&#8212;&#8211;<br \/><\/strong><\/p>\n<p><strong>Ich freue mich auf Ihren Anruf, Ihre Mail , sms oder Whatsapp unter 0170-5700432 oder (05 11) 89 85 09 67. Vereinbaren Sie doch gleich heute Ihren n\u00e4chsten Wohlf\u00fchltermin.<\/strong><\/p>","protected":false},"excerpt":{"rendered":"<p>NEU Yoga Wochenende NEUMein Blog Herzlich Willkommen&#8230; Ich freue mich Sie schon bald pers\u00f6nlich kennenzulernen und lade Sie ein auf meinen Seiten zu st\u00f6bern. Wenn Sie Interesse an meinen Anwendungen haben, vereinbaren Sie gerne einen Termin per email oder Telefon. Gern beantworte ich vorher auch Fragen zu meinem Angebot oder berate Sie unverbindlich. Wenn Sie &hellip; <\/p>\n<p class=\"link-more\"><a href=\"https:\/\/www.ruhe-punkt.com\/\" class=\"more-link\"><span class=\"screen-reader-text\">\u201eHerzlich Willkommen auf meiner Internetseite!\u201c<\/span> weiterlesen<\/a><\/p>\n","protected":false},"author":1,"featured_media":0,"parent":0,"menu_order":0,"comment_status":"closed","ping_status":"open","template":"","meta":{"footnotes":""},"class_list":["post-43","page","type-page","status-publish","hentry"],"_links":{"self":[{"href":"https:\/\/www.ruhe-punkt.com\/index.php?rest_route=\/wp\/v2\/pages\/43","targetHints":{"allow":["GET"]}}],"collection":[{"href":"https:\/\/www.ruhe-punkt.com\/index.php?rest_route=\/wp\/v2\/pages"}],"about":[{"href":"https:\/\/www.ruhe-punkt.com\/index.php?rest_route=\/wp\/v2\/types\/page"}],"author":[{"embeddable":true,"href":"https:\/\/www.ruhe-punkt.com\/index.php?rest_route=\/wp\/v2\/users\/1"}],"replies":[{"embeddable":true,"href":"https:\/\/www.ruhe-punkt.com\/index.php?rest_route=%2Fwp%2Fv2%2Fcomments&post=43"}],"version-history":[{"count":112,"href":"https:\/\/www.ruhe-punkt.com\/index.php?rest_route=\/wp\/v2\/pages\/43\/revisions"}],"predecessor-version":[{"id":3586,"href":"https:\/\/www.ruhe-punkt.com\/index.php?rest_route=\/wp\/v2\/pages\/43\/revisions\/3586"}],"wp:attachment":[{"href":"https:\/\/www.ruhe-punkt.com\/index.php?rest_route=%2Fwp%2Fv2%2Fmedia&parent=43"}],"curies":[{"name":"wp","href":"https:\/\/api.w.org\/{rel}","templated":true}]}}