{"id":49,"date":"2012-06-24T16:25:05","date_gmt":"2012-06-24T15:25:05","guid":{"rendered":"http:\/\/www.ruhe-punkt.com\/?page_id=49"},"modified":"2024-09-22T15:41:02","modified_gmt":"2024-09-22T14:41:02","slug":"meditation","status":"publish","type":"page","link":"https:\/\/www.ruhe-punkt.com\/?page_id=49","title":{"rendered":"Meditation"},"content":{"rendered":"<h1>Meditation<\/h1>\n<p><a href=\"https:\/\/www.ruhe-punkt.com\/wp-content\/uploads\/2021\/02\/meditation.jpg\"><img loading=\"lazy\" decoding=\"async\" class=\"wp-image-2322 alignright\" src=\"https:\/\/www.ruhe-punkt.com\/wp-content\/uploads\/2021\/02\/meditation-300x225.jpg\" alt=\"\" width=\"244\" height=\"183\" srcset=\"https:\/\/www.ruhe-punkt.com\/wp-content\/uploads\/2021\/02\/meditation-300x225.jpg 300w, https:\/\/www.ruhe-punkt.com\/wp-content\/uploads\/2021\/02\/meditation-1024x768.jpg 1024w, https:\/\/www.ruhe-punkt.com\/wp-content\/uploads\/2021\/02\/meditation-768x576.jpg 768w, https:\/\/www.ruhe-punkt.com\/wp-content\/uploads\/2021\/02\/meditation.jpg 1152w\" sizes=\"auto, (max-width: 244px) 100vw, 244px\" \/><\/a><\/p>\n<p>F\u00fcr mich ist es wichtig, manchmal ohne \u00e4u\u00dfere Einfl\u00fcsse nur ganz allein mit mir selbst zu sein. Dieses Gef\u00fchl m\u00f6chte ich gern teilen und weitergeben.<\/p>\n<p>W\u00e4hrend der Meditation tanken wir\u00a0Kraft, um offen zu sein f\u00fcr ein kreatives, lebendiges\u00a0Leben. Das Ziel der Meditation bedeutet ganz ohne Beeinflussung\u00a0von Au\u00dfen zu sein. Wir finden Ruhe von dem, was den ganzen Tag\u00a0von Au\u00dfen auf uns einstr\u00f6mt.<\/p>\n<p>Bei meinen Aufenthalten in Asien ab 2003 bis 2019 bin ich viel mit Meditation in Ber\u00fchrung gekommen. Eine besondere Erfahrung war der Aufenthalt in einem M\u00f6nchsorden in Nordthailand, bei dem ich an\u00a0einem Workshop und Retreat teilnehmen durfte. Diese Erfahrung pr\u00e4gt meine Vorliebe f\u00fcr Meditation.<br \/>Dort habe ich erlebt,\u00a0dass in der Stille eine gro\u00dfe Kraft liegt.\u00a0Durch h\u00e4ufiges Praktizieren kann jeder die F\u00e4higkeit entwickeln, aufmerksamer, pr\u00e4senter und achtsamer zu werden.<\/p>\n<p>Ich freue mich auf stille Momente und nette Begegnungen mit Ihnen.<\/p>\n<p><strong>KUNDALINI MEDITATION AM 20. Dezember 2024 19:15 &#8211; 20:30 Uhr<br \/><\/strong><\/p>\n<p>Ort: Ankas Tanzatelier, Kronenstrasse 16,<\/p>\n<p>15\u20ac<\/p>\n<p>Eine bewegte Meditation die Energie freisetzt, belebt und entspannt nachwirkt. Du wirst eine Stunde mit Musik und Bewegung sowie Stille durch die Meditation geleitet.<\/p>\n<p><strong>Anmeldungen unter info@Ruhe-Punkt.com oder Nachricht an 0170\/5700432.<br \/><\/strong><\/p>\n<p>F\u00fcr Fragen vorab stehe ich gerne unter 0170\/5700432 zur Verf\u00fcgung.<\/p>\n<p>Bitte bringe bequeme Kleidung mit. Sonst ist f\u00fcr alles gesorgt.<\/p>\n<p>_____________________________________________________________________________<\/p>\n\n\n<p><\/p>\n","protected":false},"excerpt":{"rendered":"<p>Meditation F\u00fcr mich ist es wichtig, manchmal ohne \u00e4u\u00dfere Einfl\u00fcsse nur ganz allein mit mir selbst zu sein. Dieses Gef\u00fchl m\u00f6chte ich gern teilen und weitergeben. W\u00e4hrend der Meditation tanken wir\u00a0Kraft, um offen zu sein f\u00fcr ein kreatives, lebendiges\u00a0Leben. Das Ziel der Meditation bedeutet ganz ohne Beeinflussung\u00a0von Au\u00dfen zu sein. Wir finden Ruhe von dem, &hellip; <\/p>\n<p class=\"link-more\"><a href=\"https:\/\/www.ruhe-punkt.com\/?page_id=49\" class=\"more-link\"><span class=\"screen-reader-text\">\u201eMeditation\u201c<\/span> weiterlesen<\/a><\/p>\n","protected":false},"author":1,"featured_media":0,"parent":0,"menu_order":0,"comment_status":"closed","ping_status":"open","template":"","meta":{"footnotes":""},"class_list":["post-49","page","type-page","status-publish","hentry"],"_links":{"self":[{"href":"https:\/\/www.ruhe-punkt.com\/index.php?rest_route=\/wp\/v2\/pages\/49","targetHints":{"allow":["GET"]}}],"collection":[{"href":"https:\/\/www.ruhe-punkt.com\/index.php?rest_route=\/wp\/v2\/pages"}],"about":[{"href":"https:\/\/www.ruhe-punkt.com\/index.php?rest_route=\/wp\/v2\/types\/page"}],"author":[{"embeddable":true,"href":"https:\/\/www.ruhe-punkt.com\/index.php?rest_route=\/wp\/v2\/users\/1"}],"replies":[{"embeddable":true,"href":"https:\/\/www.ruhe-punkt.com\/index.php?rest_route=%2Fwp%2Fv2%2Fcomments&post=49"}],"version-history":[{"count":29,"href":"https:\/\/www.ruhe-punkt.com\/index.php?rest_route=\/wp\/v2\/pages\/49\/revisions"}],"predecessor-version":[{"id":3547,"href":"https:\/\/www.ruhe-punkt.com\/index.php?rest_route=\/wp\/v2\/pages\/49\/revisions\/3547"}],"wp:attachment":[{"href":"https:\/\/www.ruhe-punkt.com\/index.php?rest_route=%2Fwp%2Fv2%2Fmedia&parent=49"}],"curies":[{"name":"wp","href":"https:\/\/api.w.org\/{rel}","templated":true}]}}